{"id":1567,"date":"2025-06-10T15:04:27","date_gmt":"2025-06-10T21:04:27","guid":{"rendered":"https:\/\/fomenthy.kursopro.com\/?page_id=1567"},"modified":"2025-10-25T16:41:02","modified_gmt":"2025-10-25T22:41:02","slug":"cursos","status":"publish","type":"page","link":"https:\/\/fomenthy.com\/cursos\/","title":{"rendered":"Cursos"},"content":{"rendered":"\t\t<div data-elementor-type=\"wp-page\" data-elementor-id=\"1567\" class=\"elementor elementor-1567\" data-elementor-post-type=\"page\">\n\t\t\t\t<div class=\"elementor-element elementor-element-1d4bb4e e-flex e-con-boxed e-con e-parent\" data-id=\"1d4bb4e\" data-element_type=\"container\" data-e-type=\"container\" data-settings=\"{&quot;background_background&quot;:&quot;classic&quot;,&quot;shape_divider_bottom&quot;:&quot;wave-brush&quot;}\">\n\t\t\t\t\t<div class=\"e-con-inner\">\n\t\t\t\t<div class=\"elementor-shape elementor-shape-bottom\" aria-hidden=\"true\" data-negative=\"false\">\n\t\t\t<svg xmlns=\"http:\/\/www.w3.org\/2000\/svg\" viewBox=\"0 0 283.5 27.8\" preserveAspectRatio=\"none\">\n\t<path class=\"elementor-shape-fill\" d=\"M283.5,9.7c0,0-7.3,4.3-14,4.6c-6.8,0.3-12.6,0-20.9-1.5c-11.3-2-33.1-10.1-44.7-5.7\ts-12.1,4.6-18,7.4c-6.6,3.2-20,9.6-36.6,9.3C131.6,23.5,99.5,7.2,86.3,8c-1.4,0.1-6.6,0.8-10.5,2c-3.8,1.2-9.4,3.8-17,4.7\tc-3.2,0.4-8.3,1.1-14.2,0.9c-1.5-0.1-6.3-0.4-12-1.6c-5.7-1.2-11-3.1-15.8-3.7C6.5,9.2,0,10.8,0,10.8V0h283.5V9.7z M260.8,11.3\tc-0.7-1-2-0.4-4.3-0.4c-2.3,0-6.1-1.2-5.8-1.1c0.3,0.1,3.1,1.5,6,1.9C259.7,12.2,261.4,12.3,260.8,11.3z M242.4,8.6\tc0,0-2.4-0.2-5.6-0.9c-3.2-0.8-10.3-2.8-15.1-3.5c-8.2-1.1-15.8,0-15.1,0.1c0.8,0.1,9.6-0.6,17.6,1.1c3.3,0.7,9.3,2.2,12.4,2.7\tC239.9,8.7,242.4,8.6,242.4,8.6z M185.2,8.5c1.7-0.7-13.3,4.7-18.5,6.1c-2.1,0.6-6.2,1.6-10,2c-3.9,0.4-8.9,0.4-8.8,0.5\tc0,0.2,5.8,0.8,11.2,0c5.4-0.8,5.2-1.1,7.6-1.6C170.5,14.7,183.5,9.2,185.2,8.5z M199.1,6.9c0.2,0-0.8-0.4-4.8,1.1\tc-4,1.5-6.7,3.5-6.9,3.7c-0.2,0.1,3.5-1.8,6.6-3C197,7.5,199,6.9,199.1,6.9z M283,6c-0.1,0.1-1.9,1.1-4.8,2.5s-6.9,2.8-6.7,2.7\tc0.2,0,3.5-0.6,7.4-2.5C282.8,6.8,283.1,5.9,283,6z M31.3,11.6c0.1-0.2-1.9-0.2-4.5-1.2s-5.4-1.6-7.8-2C15,7.6,7.3,8.5,7.7,8.6\tC8,8.7,15.9,8.3,20.2,9.3c2.2,0.5,2.4,0.5,5.7,1.6S31.2,11.9,31.3,11.6z M73,9.2c0.4-0.1,3.5-1.6,8.4-2.6c4.9-1.1,8.9-0.5,8.9-0.8\tc0-0.3-1-0.9-6.2-0.3S72.6,9.3,73,9.2z M71.6,6.7C71.8,6.8,75,5.4,77.3,5c2.3-0.3,1.9-0.5,1.9-0.6c0-0.1-1.1-0.2-2.7,0.2\tC74.8,5.1,71.4,6.6,71.6,6.7z M93.6,4.4c0.1,0.2,3.5,0.8,5.6,1.8c2.1,1,1.8,0.6,1.9,0.5c0.1-0.1-0.8-0.8-2.4-1.3\tC97.1,4.8,93.5,4.2,93.6,4.4z M65.4,11.1c-0.1,0.3,0.3,0.5,1.9-0.2s2.6-1.3,2.2-1.2s-0.9,0.4-2.5,0.8C65.3,10.9,65.5,10.8,65.4,11.1\tz M34.5,12.4c-0.2,0,2.1,0.8,3.3,0.9c1.2,0.1,2,0.1,2-0.2c0-0.3-0.1-0.5-1.6-0.4C36.6,12.8,34.7,12.4,34.5,12.4z M152.2,21.1\tc-0.1,0.1-2.4-0.3-7.5-0.3c-5,0-13.6-2.4-17.2-3.5c-3.6-1.1,10,3.9,16.5,4.1C150.5,21.6,152.3,21,152.2,21.1z\"\/>\n\t<path class=\"elementor-shape-fill\" d=\"M269.6,18c-0.1-0.1-4.6,0.3-7.2,0c-7.3-0.7-17-3.2-16.6-2.9c0.4,0.3,13.7,3.1,17,3.3\tC267.7,18.8,269.7,18,269.6,18z\"\/>\n\t<path class=\"elementor-shape-fill\" d=\"M227.4,9.8c-0.2-0.1-4.5-1-9.5-1.2c-5-0.2-12.7,0.6-12.3,0.5c0.3-0.1,5.9-1.8,13.3-1.2\tS227.6,9.9,227.4,9.8z\"\/>\n\t<path class=\"elementor-shape-fill\" d=\"M204.5,13.4c-0.1-0.1,2-1,3.2-1.1c1.2-0.1,2,0,2,0.3c0,0.3-0.1,0.5-1.6,0.4\tC206.4,12.9,204.6,13.5,204.5,13.4z\"\/>\n\t<path class=\"elementor-shape-fill\" d=\"M201,10.6c0-0.1-4.4,1.2-6.3,2.2c-1.9,0.9-6.2,3.1-6.1,3.1c0.1,0.1,4.2-1.6,6.3-2.6\tS201,10.7,201,10.6z\"\/>\n\t<path class=\"elementor-shape-fill\" d=\"M154.5,26.7c-0.1-0.1-4.6,0.3-7.2,0c-7.3-0.7-17-3.2-16.6-2.9c0.4,0.3,13.7,3.1,17,3.3\tC152.6,27.5,154.6,26.8,154.5,26.7z\"\/>\n\t<path class=\"elementor-shape-fill\" d=\"M41.9,19.3c0,0,1.2-0.3,2.9-0.1c1.7,0.2,5.8,0.9,8.2,0.7c4.2-0.4,7.4-2.7,7-2.6\tc-0.4,0-4.3,2.2-8.6,1.9c-1.8-0.1-5.1-0.5-6.7-0.4S41.9,19.3,41.9,19.3z\"\/>\n\t<path class=\"elementor-shape-fill\" d=\"M75.5,12.6c0.2,0.1,2-0.8,4.3-1.1c2.3-0.2,2.1-0.3,2.1-0.5c0-0.1-1.8-0.4-3.4,0\tC76.9,11.5,75.3,12.5,75.5,12.6z\"\/>\n\t<path class=\"elementor-shape-fill\" d=\"M15.6,13.2c0-0.1,4.3,0,6.7,0.5c2.4,0.5,5,1.9,5,2c0,0.1-2.7-0.8-5.1-1.4\tC19.9,13.7,15.7,13.3,15.6,13.2z\"\/>\n<\/svg>\t\t<\/div>\n\t\t<div class=\"elementor-element elementor-element-5d67559 e-con-full e-flex e-con e-child\" data-id=\"5d67559\" data-element_type=\"container\" data-e-type=\"container\">\n\t\t\t\t<div class=\"elementor-element elementor-element-a433e1c elementor-widget elementor-widget-heading\" data-id=\"a433e1c\" data-element_type=\"widget\" data-e-type=\"widget\" data-widget_type=\"heading.default\">\n\t\t\t\t\t<h1 class=\"elementor-heading-title elementor-size-default\">Cursos<\/h1>\t\t\t\t<\/div>\n\t\t\t\t<div class=\"elementor-element elementor-element-045f21f elementor-widget elementor-widget-heading\" data-id=\"045f21f\" data-element_type=\"widget\" data-e-type=\"widget\" data-widget_type=\"heading.default\">\n\t\t\t\t\t<h3 class=\"elementor-heading-title elementor-size-default\">Comparte una frase breve que refleje tu estilo o filosof\u00eda al ense\u00f1ar.<\/h3>\t\t\t\t<\/div>\n\t\t\t\t<\/div>\n\t\t\t\t\t<\/div>\n\t\t\t\t<\/div>\n\t\t<div class=\"elementor-element elementor-element-1886f95 e-flex e-con-boxed e-con e-parent\" data-id=\"1886f95\" data-element_type=\"container\" data-e-type=\"container\">\n\t\t\t\t\t<div class=\"e-con-inner\">\n\t\t\t\t<div class=\"elementor-element elementor-element-ad34ecc elementor-widget elementor-widget-shortcode\" data-id=\"ad34ecc\" data-element_type=\"widget\" data-e-type=\"widget\" data-widget_type=\"shortcode.default\">\n\t\t\t\t\t\t\t<div class=\"elementor-shortcode\">\n<div class=\"tutor-wrap tutor-wrap-parent tutor-courses-wrap tutor-container course-archive-page\" data-tutor_courses_meta=\"{&quot;course_filter&quot;:false,&quot;supported_filters&quot;:{&quot;search&quot;:&quot;search&quot;},&quot;loop_content_only&quot;:false,&quot;column_per_row&quot;:&quot;3&quot;,&quot;course_per_page&quot;:6,&quot;show_pagination&quot;:false}\">\n\t\n\t<div class=\"tutor-row tutor-gx-xl-5\">\n\t\t\t\t\t<div class=\"tutor-col-12\">\n\t\t\t\t<div class=\"\">\n\t\t\t\t\t\t\t\t\t<\/div>\n\t\t\t\t<div class=\"tutor-pagination-wrapper-replaceable\" tutor-course-list-container>\n\t\t\t\t\t<div class=\"tutor-course-list tutor-grid tutor-grid-3\">\n<div class=\"tutor-card tutor-course-card\">\n<div class=\"tutor-course-thumbnail\">\n\t<a href=\"https:\/\/fomenthy.com\/curso\/curso1\/\" class=\"tutor-d-block\">\n\t\t<div class=\"tutor-ratio tutor-ratio-16x9\">\n\t\t\t<img decoding=\"async\" class=\"tutor-card-image-top\" src=\"https:\/\/fomenthy.com\/wp-content\/uploads\/sites\/307\/2025\/10\/creatividad-4.jpg\" alt=\"Curso Ejemplo\" loading=\"lazy\">\n\t\t<\/div>\n\t<\/a>\n\t<\/div>\n\n<div class=\"tutor-card-body\">\n\n<div class=\"tutor-course-ratings tutor-mb-8\">\n\t\t<div class=\"tutor-ratings\">\n\t\t<div class=\"tutor-ratings-stars\">\n\t\t\t<span class=\"tutor-icon-star-line\" data-rating-value=\"1\"><\/span><span class=\"tutor-icon-star-line\" data-rating-value=\"2\"><\/span><span class=\"tutor-icon-star-line\" data-rating-value=\"3\"><\/span><span class=\"tutor-icon-star-line\" data-rating-value=\"4\"><\/span><span class=\"tutor-icon-star-line\" data-rating-value=\"5\"><\/span>\t\t<\/div>\n\n\t\t\t<\/div>\n\t<\/div>\n\n<h3 class=\"tutor-course-name tutor-fs-5 tutor-fw-medium\" title=\"Curso Ejemplo\">\n\t<a href=\"https:\/\/fomenthy.com\/curso\/curso1\/\">Curso Ejemplo<\/a>\n<\/h3>\n\n<div class=\"tutor-meta tutor-mt-12 tutor-mb-20\">\n\t\n\t\t\t<div>\n\t\t\t<span class=\"tutor-icon-clock-line tutor-meta-icon\" area-hidden=\"true\"><\/span>\n\t\t\t<span class=\"tutor-meta-value\">\n\t\t\t\t 1h 30m\t\t\t<\/span>\n\t\t<\/div>\n\t<\/div>\n\n<div class=\"tutor-meta tutor-mt-auto\">\n\t<div>\n\t\t<a href=\"#\" class=\"tutor-d-flex\">\n\t\t\t<div class=\"tutor-avatar\"><div class=\"tutor-ratio tutor-ratio-1x1\"><span class=\"tutor-avatar-text\">K<\/span><\/div><\/div>\t\t<\/a>\n\t<\/div>\n\n\t<div>\n\t\tpor\t\t<a href=\"#\">KursoPro<\/a>\n\n\t\t\t<\/div>\n<\/div>\n\n<\/div>\n\n<div class=\"tutor-card-footer\">\n\t<div class=\" tutor-d-flex tutor-align-center tutor-justify-between \"><div class=\"list-item-price tutor-d-flex tutor-align-center\"> <span class=\"price tutor-fs-6 tutor-fw-bold tutor-color-black\"><span class=\"woocommerce-Price-amount amount\"><bdi><span class=\"woocommerce-Price-currencySymbol\">&#36;<\/span>80<\/bdi><\/span> <\/span><\/div><div class=\"list-item-button\"> \n\t<a href=\"\/index.php?rest_route=%2Fwp%2Fv2%2Fpages%2F1567&#038;add-to-cart=901\" data-quantity=\"1\" class=\"tutor-btn tutor-btn-outline-primary tutor-btn-md tutor-btn-block  product_type_simple add_to_cart_button \" data-product_id=\"901\" data-product_sku=\"\" aria-label=\"A\u00f1adir al carrito: &ldquo;Curso Ejemplo&rdquo;\" rel=\"nofollow\"><span class=\"tutor-icon-cart-line tutor-mr-8\"><\/span><span class=\"cart-text\">Comprar este Curso<\/span><\/a> <\/div><\/div>\t<\/div>\n<\/div>\n<\/div>\n\t\t\t\t<\/div>\n\t\t\t<\/div>\n\t\t\t<\/div>\n<\/div>\n\n\n\n<div class=\"tutor-modal tutor-login-modal\">\n\t<div class=\"tutor-modal-overlay\"><\/div>\n\t<div class=\"tutor-modal-window tutor-modal-window-sm\">\n\t\t<div class=\"tutor-modal-content tutor-modal-content-white\">\n\t\t\t<button class=\"tutor-iconic-btn tutor-modal-close-o\" data-tutor-modal-close>\n\t\t\t\t<span class=\"tutor-icon-times\" area-hidden=\"true\"><\/span>\n\t\t\t<\/button>\n\n\t\t\t<div class=\"tutor-modal-body\">\n\t\t\t\t<div class=\"tutor-py-48\">\n\t\t\t\t\t\t\t\t\t\t<div class=\"tutor-fs-4 tutor-fw-medium tutor-color-black tutor-mb-32\">Accede a tu cuenta<\/div>\n\t\t\t\t\t<form id=\"tutor-login-form\" method=\"post\">\n\t\t<input type=\"hidden\" id=\"_tutor_nonce\" name=\"_tutor_nonce\" value=\"164a7cbf40\" \/><input type=\"hidden\" name=\"_wp_http_referer\" value=\"\/index.php?rest_route=%2Fwp%2Fv2%2Fpages%2F1567\" \/>\t<input type=\"hidden\" name=\"tutor_action\" value=\"tutor_user_login\" \/>\n\t<input type=\"hidden\" name=\"redirect_to\" value=\"https:\/\/fomenthy.com\/index.php?rest_route=%2Fwp%2Fv2%2Fpages%2F1567\" \/>\n\n\t<div class=\"tutor-mb-20\">\n\t\t<input type=\"text\" class=\"tutor-form-control\" placeholder=\"Nombre de usuario o correo electr\u00f3nico\" name=\"log\" value=\"\" size=\"20\" required\/>\n\t<\/div>\n\n\t<div class=\"tutor-mb-32\">\n\t\t<input type=\"password\" class=\"tutor-form-control\" placeholder=\"Contrase\u00f1a\" name=\"pwd\" value=\"\" size=\"20\" required\/>\n\t<\/div>\n\n\t<div class=\"tutor-login-error\"><\/div>\n\t\t\t<input type=\"hidden\" name=\"timezone\" value=\"America\/Mexico_City\" \/>\n\t\t<script>\n\t\t\tdocument.addEventListener('DOMContentLoaded', function() {\n\t\t\t\tconst timezone = document.querySelector('input[name=\"timezone\"]');\n\t\t\t\tif ( timezone) {\n\t\t\t\t\tconst tz = Intl.DateTimeFormat().resolvedOptions().timeZone;\n\t\t\t\t\ttimezone.value = tz\n\t\t\t\t}\n\t\t\t});\n\t\t<\/script>\n\t\t\t\t<input type=\"text\" style=\"display:none\" autocomplete=\"off\" value=\"\" name=\"_uuid\">\n\t\t<div class=\"wu-captcha-container wu-captcha-invisible\"><cap-widget id=\"wu-cap-widget-wp-login\" data-cap-api-endpoint=\"https:\/\/fomenthy.com\/index.php?rest_route=\/wu-captcha\/v1\/cap\/\" data-cap-i18n-initial-state=\"Soy un humano\" data-cap-i18n-verifying-label=\"Verificando...\" data-cap-i18n-solved-label=\"Eres un humano\" data-cap-i18n-error-label=\"Verificaci\u00f3n fallida\" data-cap-i18n-wasm-disabled=\"Habilite WASM para una resoluci\u00f3n m\u00e1s r\u00e1pida\" data-cap-i18n-verify-aria-label=\"Haga clic para verificar que es un humano\" data-cap-i18n-verifying-aria-label=\"Verificando que eres un humano\" data-cap-i18n-verified-aria-label=\"Verificaci\u00f3n completa. Eres humano.\" data-cap-i18n-error-aria-label=\"Error en la verificaci\u00f3n. Int\u00e9ntalo de nuevo.\" onsolve=\"wuCapOnSolve(event.detail.token)\"><\/cap-widget><input type=\"hidden\" name=\"cap-token\" id=\"cap-token-wp-login\" class=\"cap-token-input\" value=\"\"><\/div>\t<div class=\"tutor-d-flex tutor-justify-between tutor-align-center tutor-mb-40\">\n\t\t<div class=\"tutor-form-check\">\n\t\t\t<input id=\"tutor-login-agmnt-1\" type=\"checkbox\" class=\"tutor-form-check-input tutor-bg-black-40\" name=\"rememberme\" value=\"forever\" \/>\n\t\t\t<label for=\"tutor-login-agmnt-1\" class=\"tutor-fs-7 tutor-color-muted\">\n\t\t\t\tRecuerdame\t\t\t<\/label>\n\t\t<\/div>\n\t\t<a href=\"https:\/\/fomenthy.com\/escritorio\/retrieve-password\" class=\"tutor-btn tutor-btn-ghost\">\n\t\t\tRecuperar contrase\u00f1a\t\t<\/a>\n\t<\/div>\n\n\t\t<button type=\"submit\" class=\"tutor-btn tutor-btn-primary tutor-btn-block\">\n\t\tAcceder\t<\/button>\n\t\n\t\t\t\t\t<div class=\"tutor-text-center tutor-fs-6 tutor-color-secondary tutor-mt-20\">\n\t\t\t\u00bfNo tienes una cuenta?&nbsp;\n\t\t\t<a href=\"\/index.php?rest_route=%2Fwp%2Fv2%2Fpages%2F1567&#038;redirect_to=https:\/\/fomenthy.com\/index.php?rest_route=%2Fwp%2Fv2%2Fpages%2F1567\" class=\"tutor-btn tutor-btn-link\">\n\t\t\t\tReg\u00edstrate ahora\t\t\t<\/a>\n\t\t<\/div>\n\t\t<\/form>\n<script>\n\tdocument.addEventListener('DOMContentLoaded', function() {\n\t\tvar { __ } = wp.i18n;\n\t\tvar loginModal = document.querySelector('.tutor-modal.tutor-login-modal');\n\t\tvar errors = [];\n\t\tif (loginModal && errors.length) {\n\t\t\tloginModal.classList.add('tutor-is-active');\n\t\t}\n\t});\n<\/script>\n\n\t\t\t\t\t\t\t\t\t<\/div>\n\t\t\t\t\t\t\t<\/div>\n\t\t<\/div>\n\t<\/div>\n<\/div>\n<\/div>\n\t\t\t\t\t\t<\/div>\n\t\t\t\t\t<\/div>\n\t\t\t\t<\/div>\n\t\t<div class=\"elementor-element elementor-element-d912b42 e-flex e-con-boxed e-con e-parent\" data-id=\"d912b42\" data-element_type=\"container\" data-e-type=\"container\" data-settings=\"{&quot;background_background&quot;:&quot;gradient&quot;}\">\n\t\t\t\t\t<div class=\"e-con-inner\">\n\t\t\t\t<div class=\"elementor-element elementor-element-4ad325b7 elementor-view-default elementor-position-block-start elementor-mobile-position-block-start elementor-widget elementor-widget-icon-box\" data-id=\"4ad325b7\" data-element_type=\"widget\" data-e-type=\"widget\" data-widget_type=\"icon-box.default\">\n\t\t\t\t\t\t\t<div class=\"elementor-icon-box-wrapper\">\n\n\t\t\t\t\t\t<div class=\"elementor-icon-box-icon\">\n\t\t\t\t<span  class=\"elementor-icon\">\n\t\t\t\t<svg aria-hidden=\"true\" class=\"e-font-icon-svg e-fas-gifts\" viewBox=\"0 0 640 512\" xmlns=\"http:\/\/www.w3.org\/2000\/svg\"><path d=\"M240.6 194.1c1.9-30.8 17.3-61.2 44-79.8C279.4 103.5 268.7 96 256 96h-29.4l30.7-22c7.2-5.1 8.9-15.1 3.7-22.3l-9.3-13c-5.1-7.2-15.1-8.9-22.3-3.7l-32 22.9 11.5-30.6c3.1-8.3-1.1-17.5-9.4-20.6l-15-5.6c-8.3-3.1-17.5 1.1-20.6 9.4l-19.9 53-19.9-53.1C121 2.1 111.8-2.1 103.5 1l-15 5.6C80.2 9.7 76 19 79.2 27.2l11.5 30.6L58.6 35c-7.2-5.1-17.2-3.5-22.3 3.7l-9.3 13c-5.1 7.2-3.5 17.2 3.7 22.3l30.7 22H32c-17.7 0-32 14.3-32 32v352c0 17.7 14.3 32 32 32h168.9c-5.5-9.5-8.9-20.3-8.9-32V256c0-29.9 20.8-55 48.6-61.9zM224 480c0 17.7 14.3 32 32 32h160V384H224v96zm224 32h160c17.7 0 32-14.3 32-32v-96H448v128zm160-288h-20.4c2.6-7.6 4.4-15.5 4.4-23.8 0-35.5-27-72.2-72.1-72.2-48.1 0-75.9 47.7-87.9 75.3-12.1-27.6-39.9-75.3-87.9-75.3-45.1 0-72.1 36.7-72.1 72.2 0 8.3 1.7 16.2 4.4 23.8H256c-17.7 0-32 14.3-32 32v96h192V224h15.3l.7-.2.7.2H448v128h192v-96c0-17.7-14.3-32-32-32zm-272 0c-2.7-1.4-5.1-3-7.2-4.8-7.3-6.4-8.8-13.8-8.8-19 0-9.7 6.4-24.2 24.1-24.2 18.7 0 35.6 27.4 44.5 48H336zm199.2-4.8c-2.1 1.8-4.5 3.4-7.2 4.8h-52.6c8.8-20.3 25.8-48 44.5-48 17.7 0 24.1 14.5 24.1 24.2 0 5.2-1.5 12.6-8.8 19z\"><\/path><\/svg>\t\t\t\t<\/span>\n\t\t\t<\/div>\n\t\t\t\n\t\t\t\t\t\t<div class=\"elementor-icon-box-content\">\n\n\t\t\t\t\t\t\t\t\t<h3 class=\"elementor-icon-box-title\">\n\t\t\t\t\t\t<span  >\n\t\t\t\t\t\t\tAqu\u00ed puedes a\u00f1adir llamadas a la acci\u00f3n para tus ofertas, productos o servicios destacados.\t\t\t\t\t\t<\/span>\n\t\t\t\t\t<\/h3>\n\t\t\t\t\n\t\t\t\t\n\t\t\t<\/div>\n\t\t\t\n\t\t<\/div>\n\t\t\t\t\t\t<\/div>\n\t\t\t\t<div class=\"elementor-element elementor-element-272f99dc elementor-align-center elementor-widget elementor-widget-button\" data-id=\"272f99dc\" data-element_type=\"widget\" data-e-type=\"widget\" data-widget_type=\"button.default\">\n\t\t\t\t\t\t\t\t\t\t<a class=\"elementor-button elementor-size-sm elementor-animation-hang\" role=\"button\">\n\t\t\t\t\t\t<span class=\"elementor-button-content-wrapper\">\n\t\t\t\t\t\t\t\t\t<span class=\"elementor-button-text\">Aprovechar Oferta<\/span>\n\t\t\t\t\t<\/span>\n\t\t\t\t\t<\/a>\n\t\t\t\t\t\t\t\t<\/div>\n\t\t\t\t\t<\/div>\n\t\t\t\t<\/div>\n\t\t\t\t<\/div>\n\t\t","protected":false},"excerpt":{"rendered":"<p>Cursos Comparte una frase breve que refleje tu estilo o filosof\u00eda al ense\u00f1ar. Aqu\u00ed puedes a\u00f1adir llamadas a la acci\u00f3n [&hellip;]<\/p>\n","protected":false},"author":4,"featured_media":0,"parent":0,"menu_order":3,"comment_status":"closed","ping_status":"closed","template":"elementor_header_footer","meta":{"_kpf_exit_popup_enabled":"","_kpf_exit_popup_mode":"","_kpf_exit_popup_design":"","_kpf_exit_popup_title":"","_kpf_exit_popup_description":"","_kpf_exit_popup_btn_text":"","_kpf_exit_popup_btn_url":"","_kpf_exit_popup_dismiss_text":"","_kpf_exit_popup_form_id":"","_kpf_exit_popup_success_msg":"","_kpf_exit_popup_color":"","_kpf_exit_popup_color2":"","_kpf_exit_popup_image":"","_kpf_exit_popup_badge":"","_kpf_exit_popup_countdown":"","site-sidebar-layout":"no-sidebar","site-content-layout":"","ast-site-content-layout":"full-width-container","site-content-style":"default","site-sidebar-style":"default","ast-global-header-display":"","ast-banner-title-visibility":"","ast-main-header-display":"","ast-hfb-above-header-display":"","ast-hfb-below-header-display":"","ast-hfb-mobile-header-display":"","site-post-title":"disabled","ast-breadcrumbs-content":"","ast-featured-img":"disabled","footer-sml-layout":"","ast-disable-related-posts":"","theme-transparent-header-meta":"","adv-header-id-meta":"","stick-header-meta":"","header-above-stick-meta":"","header-main-stick-meta":"","header-below-stick-meta":"","astra-migrate-meta-layouts":"default","ast-page-background-enabled":"default","ast-page-background-meta":{"desktop":{"background-color":"var(--ast-global-color-5)","background-image":"","background-repeat":"repeat","background-position":"center center","background-size":"auto","background-attachment":"scroll","background-type":"","background-media":"","overlay-type":"","overlay-color":"","overlay-opacity":"","overlay-gradient":""},"tablet":{"background-color":"","background-image":"","background-repeat":"repeat","background-position":"center center","background-size":"auto","background-attachment":"scroll","background-type":"","background-media":"","overlay-type":"","overlay-color":"","overlay-opacity":"","overlay-gradient":""},"mobile":{"background-color":"","background-image":"","background-repeat":"repeat","background-position":"center center","background-size":"auto","background-attachment":"scroll","background-type":"","background-media":"","overlay-type":"","overlay-color":"","overlay-opacity":"","overlay-gradient":""}},"ast-content-background-meta":{"desktop":{"background-color":"var(--ast-global-color-4)","background-image":"","background-repeat":"repeat","background-position":"center center","background-size":"auto","background-attachment":"scroll","background-type":"","background-media":"","overlay-type":"","overlay-color":"","overlay-opacity":"","overlay-gradient":""},"tablet":{"background-color":"var(--ast-global-color-4)","background-image":"","background-repeat":"repeat","background-position":"center center","background-size":"auto","background-attachment":"scroll","background-type":"","background-media":"","overlay-type":"","overlay-color":"","overlay-opacity":"","overlay-gradient":""},"mobile":{"background-color":"var(--ast-global-color-4)","background-image":"","background-repeat":"repeat","background-position":"center center","background-size":"auto","background-attachment":"scroll","background-type":"","background-media":"","overlay-type":"","overlay-color":"","overlay-opacity":"","overlay-gradient":""}},"_joinchat":[],"footnotes":""},"class_list":["post-1567","page","type-page","status-publish","hentry"],"_links":{"self":[{"href":"https:\/\/fomenthy.com\/index.php?rest_route=\/wp\/v2\/pages\/1567","targetHints":{"allow":["GET"]}}],"collection":[{"href":"https:\/\/fomenthy.com\/index.php?rest_route=\/wp\/v2\/pages"}],"about":[{"href":"https:\/\/fomenthy.com\/index.php?rest_route=\/wp\/v2\/types\/page"}],"author":[{"embeddable":true,"href":"https:\/\/fomenthy.com\/index.php?rest_route=\/wp\/v2\/users\/4"}],"replies":[{"embeddable":true,"href":"https:\/\/fomenthy.com\/index.php?rest_route=%2Fwp%2Fv2%2Fcomments&post=1567"}],"version-history":[{"count":0,"href":"https:\/\/fomenthy.com\/index.php?rest_route=\/wp\/v2\/pages\/1567\/revisions"}],"wp:attachment":[{"href":"https:\/\/fomenthy.com\/index.php?rest_route=%2Fwp%2Fv2%2Fmedia&parent=1567"}],"curies":[{"name":"wp","href":"https:\/\/api.w.org\/{rel}","templated":true}]}}